{"id":239,"date":"2025-11-25T15:01:04","date_gmt":"2025-11-25T15:01:04","guid":{"rendered":"https:\/\/trgovina.specialnadiagnostika.si\/?post_type=product&#038;p=239"},"modified":"2025-11-26T14:45:27","modified_gmt":"2025-11-26T14:45:27","slug":"zbirka-vaj-fonoloskega-zavedanja","status":"publish","type":"product","link":"https:\/\/trgovina.specialnadiagnostika.si\/?product=zbirka-vaj-fonoloskega-zavedanja","title":{"rendered":"Zbirka vaj fonolo\u0161kega zavedanja"},"content":{"rendered":"<p data-start=\"110\" data-end=\"528\">Fonolo\u0161ko zavedanje predstavlja temeljni gradnik zgodnjega opismenjevanja. Gre za sposobnost prepoznavanja in raz\u010dlenjevanja zvo\u010dne strukture jezika \u2013 od zaznavanja rim, zlogov in za\u010detnih glasov do razumevanja, da so besede sestavljene iz posameznih glasov. Razvito fonolo\u0161ko zavedanje otroku omogo\u010da, da la\u017eje povezujje govorjene glasove s pisnimi simboli, kar je klju\u010dno za uspe\u0161en za\u010detek u\u010denja branja in pisanja.<\/p>\n<p data-start=\"530\" data-end=\"1034\">Vaje fonolo\u0161kega zavedanja obi\u010dajno vklju\u010dujejo dejavnosti, ki spodbujajo poslu\u0161anje, prepoznavanje, razlikovanje in manipulacijo zvokov v besedah. Med najpogostej\u0161e oblike vaj sodijo: iskanje rim, raz\u010dlenjevanje besed na zloge, dolo\u010danje za\u010detnih ali kon\u010dnih glasov, sestavljanje glasov v besedo ter razgradnja besede na posamezne glasove. Z rednim izvajanjem teh dejavnosti otrok postopoma razvija ob\u010dutljivost za glasovno strukturo jezika in s tem gradi zanesljivo osnovo za razvoj glasovnega zorenja.<\/p>\n<p data-start=\"1513\" data-end=\"1698\" data-is-last-node=\"\" data-is-only-node=\"\">Zbirka vaj, ki sledi, je zasnovana tako, da postopno in celostno podpira razvoj fonolo\u0161kega zavedanja ter otrokom omogo\u010da uspe\u0161nej\u0161i in bolj samozavesten vstop v svet branja in pisanja.<\/p>\n","protected":false},"excerpt":{"rendered":"<p>Fonolo\u0161ko zavedanje predstavlja temeljni gradnik zgodnjega opismenjevanja. Gre za sposobnost prepoznavanja in raz\u010dlenjevanja zvo\u010dne strukture jezika \u2013 od zaznavanja rim, zlogov in za\u010detnih glasov do razumevanja, da so besede sestavljene iz posameznih glasov. Razvito fonolo\u0161ko zavedanje otroku omogo\u010da, da la\u017eje povezujje govorjene glasove s pisnimi simboli, kar je klju\u010dno za uspe\u0161en za\u010detek u\u010denja branja in [&hellip;]<\/p>\n","protected":false},"featured_media":240,"comment_status":"open","ping_status":"closed","template":"","meta":[],"product_brand":[],"product_cat":[22],"product_tag":[],"class_list":{"0":"post-239","1":"product","2":"type-product","3":"status-publish","4":"has-post-thumbnail","6":"product_cat-zbirke-vaj-za-ucenje-in-didakticni-material","8":"first","9":"instock","10":"shipping-taxable","11":"purchasable","12":"product-type-simple"},"_links":{"self":[{"href":"https:\/\/trgovina.specialnadiagnostika.si\/index.php?rest_route=\/wp\/v2\/product\/239","targetHints":{"allow":["GET"]}}],"collection":[{"href":"https:\/\/trgovina.specialnadiagnostika.si\/index.php?rest_route=\/wp\/v2\/product"}],"about":[{"href":"https:\/\/trgovina.specialnadiagnostika.si\/index.php?rest_route=\/wp\/v2\/types\/product"}],"replies":[{"embeddable":true,"href":"https:\/\/trgovina.specialnadiagnostika.si\/index.php?rest_route=%2Fwp%2Fv2%2Fcomments&post=239"}],"wp:featuredmedia":[{"embeddable":true,"href":"https:\/\/trgovina.specialnadiagnostika.si\/index.php?rest_route=\/wp\/v2\/media\/240"}],"wp:attachment":[{"href":"https:\/\/trgovina.specialnadiagnostika.si\/index.php?rest_route=%2Fwp%2Fv2%2Fmedia&parent=239"}],"wp:term":[{"taxonomy":"product_brand","embeddable":true,"href":"https:\/\/trgovina.specialnadiagnostika.si\/index.php?rest_route=%2Fwp%2Fv2%2Fproduct_brand&post=239"},{"taxonomy":"product_cat","embeddable":true,"href":"https:\/\/trgovina.specialnadiagnostika.si\/index.php?rest_route=%2Fwp%2Fv2%2Fproduct_cat&post=239"},{"taxonomy":"product_tag","embeddable":true,"href":"https:\/\/trgovina.specialnadiagnostika.si\/index.php?rest_route=%2Fwp%2Fv2%2Fproduct_tag&post=239"}],"curies":[{"name":"wp","href":"https:\/\/api.w.org\/{rel}","templated":true}]}}