{"id":245,"date":"2025-11-25T15:37:51","date_gmt":"2025-11-25T15:37:51","guid":{"rendered":"https:\/\/trgovina.specialnadiagnostika.si\/?post_type=product&#038;p=245"},"modified":"2025-11-26T14:28:49","modified_gmt":"2025-11-26T14:28:49","slug":"bralni-trening","status":"publish","type":"product","link":"https:\/\/trgovina.specialnadiagnostika.si\/?product=bralni-trening","title":{"rendered":"Bralni trening + Vaje fonolo\u0161kega zavedanja"},"content":{"rendered":"<h1 data-start=\"189\" data-end=\"247\"><strong data-start=\"191\" data-end=\"247\">Zbirka vaj za razvoj fonolo\u0161kega zavedanja in branja<\/strong><\/h1>\n<p data-start=\"249\" data-end=\"497\">Branje je ena klju\u010dnih ve\u0161\u010din, ki otroku odpira vrata u\u010denju, samostojnosti in samozavesti. Mnogi otroci pa na tej poti potrebujejo dodatno podporo \u2013 predvsem tisti z disleksijo, te\u017eavami pri obdelavi informacij ali upo\u010dasnjenim bralnim razvojem.<\/p>\n<p data-start=\"499\" data-end=\"877\">Prav zato je nastala zbirka skrbno oblikovanih vaj, ki zdru\u017euje <strong data-start=\"563\" data-end=\"581\">bralni trening<\/strong> in <strong data-start=\"585\" data-end=\"615\">vaje fonolo\u0161kega zavedanja<\/strong> \u2013 dveh podro\u010dij, ki skupaj predstavljata temelj uspe\u0161nega opismenjevanja. Vaje so zasnovane na strokovnem znanju s podro\u010dja specifi\u010dnih u\u010dnih te\u017eav ter na dolgoletnih prakti\u010dnih izku\u0161njah pri delu z otroki, ki potrebujejo individualizirano, prilagojeno podporo.<\/p>\n<p data-start=\"879\" data-end=\"1293\">Fonolo\u0161ko zavedanje je temeljni gradnik zgodnjega bralnega razvoja. Vklju\u010duje sposobnost prepoznavanja in raz\u010dlenjevanja zvo\u010dne strukture jezika \u2013 od rim in zlogov do posameznih glasov. Ko otrok razume, da so besede sestavljene iz glasov, in jih zna prepoznati, razlikovati ter med njimi manipulirati, veliko la\u017eje povezuje glasove s pisanimi simboli. To pa je klju\u010dno za uspe\u0161en za\u010detek branja in pisanja.<\/p>\n","protected":false},"excerpt":{"rendered":"<p>Zbirka vaj za razvoj fonolo\u0161kega zavedanja in branja Branje je ena klju\u010dnih ve\u0161\u010din, ki otroku odpira vrata u\u010denju, samostojnosti in samozavesti. Mnogi otroci pa na tej poti potrebujejo dodatno podporo \u2013 predvsem tisti z disleksijo, te\u017eavami pri obdelavi informacij ali upo\u010dasnjenim bralnim razvojem. Prav zato je nastala zbirka skrbno oblikovanih vaj, ki zdru\u017euje bralni trening [&hellip;]<\/p>\n","protected":false},"featured_media":258,"comment_status":"open","ping_status":"closed","template":"","meta":[],"product_brand":[],"product_cat":[22],"product_tag":[],"class_list":{"0":"post-245","1":"product","2":"type-product","3":"status-publish","4":"has-post-thumbnail","6":"product_cat-zbirke-vaj-za-ucenje-in-didakticni-material","8":"first","9":"instock","10":"shipping-taxable","11":"purchasable","12":"product-type-simple"},"_links":{"self":[{"href":"https:\/\/trgovina.specialnadiagnostika.si\/index.php?rest_route=\/wp\/v2\/product\/245","targetHints":{"allow":["GET"]}}],"collection":[{"href":"https:\/\/trgovina.specialnadiagnostika.si\/index.php?rest_route=\/wp\/v2\/product"}],"about":[{"href":"https:\/\/trgovina.specialnadiagnostika.si\/index.php?rest_route=\/wp\/v2\/types\/product"}],"replies":[{"embeddable":true,"href":"https:\/\/trgovina.specialnadiagnostika.si\/index.php?rest_route=%2Fwp%2Fv2%2Fcomments&post=245"}],"wp:featuredmedia":[{"embeddable":true,"href":"https:\/\/trgovina.specialnadiagnostika.si\/index.php?rest_route=\/wp\/v2\/media\/258"}],"wp:attachment":[{"href":"https:\/\/trgovina.specialnadiagnostika.si\/index.php?rest_route=%2Fwp%2Fv2%2Fmedia&parent=245"}],"wp:term":[{"taxonomy":"product_brand","embeddable":true,"href":"https:\/\/trgovina.specialnadiagnostika.si\/index.php?rest_route=%2Fwp%2Fv2%2Fproduct_brand&post=245"},{"taxonomy":"product_cat","embeddable":true,"href":"https:\/\/trgovina.specialnadiagnostika.si\/index.php?rest_route=%2Fwp%2Fv2%2Fproduct_cat&post=245"},{"taxonomy":"product_tag","embeddable":true,"href":"https:\/\/trgovina.specialnadiagnostika.si\/index.php?rest_route=%2Fwp%2Fv2%2Fproduct_tag&post=245"}],"curies":[{"name":"wp","href":"https:\/\/api.w.org\/{rel}","templated":true}]}}