{"id":260,"date":"2025-11-26T14:54:29","date_gmt":"2025-11-26T14:54:29","guid":{"rendered":"https:\/\/trgovina.specialnadiagnostika.si\/?post_type=product&#038;p=260"},"modified":"2025-11-26T21:59:40","modified_gmt":"2025-11-26T21:59:40","slug":"bralni-trening-2","status":"publish","type":"product","link":"https:\/\/trgovina.specialnadiagnostika.si\/?product=bralni-trening-2","title":{"rendered":"Bralni trening"},"content":{"rendered":"<p>Branje je ena klju\u010dnih ve\u0161\u010din, ki odpira vrata u\u010denju, samostojnosti in samozavesti. Vendar pa veliko otrok pri branju potrebuje dodatno podporo, posebej tisti z disleksijo, te\u017eavami pri obdelavi informacij ali upo\u010dasnjenim bralnim razvojem. Prav zato sem pripravila nabor skrbno oblikovanih vaj bralnega treninga, ki otrokom pomagajo postopno razvijati teko\u010dnost, razumevanje in natan\u010dnost branja. Vaje temeljijo na strokovnem znanju s podro\u010dja specifi\u010dnih u\u010dnih te\u017eav ter na dolgoletnih izku\u0161njah pri delu z otroki, ki potrebujejo individualizirano podporo. Material je zasnovan tako, da otroka spodbuja, motivira in mu omogo\u010da, da pri branju napreduje samozavestno in z manj stresa. Primeren je za doma\u010de izvajanje, dopolnilni pouk ali ure DSP.<\/p>\n","protected":false},"excerpt":{"rendered":"<p>Branje je ena klju\u010dnih ve\u0161\u010din, ki odpira vrata u\u010denju, samostojnosti in samozavesti. Vendar pa veliko otrok pri branju potrebuje dodatno podporo, posebej tisti z disleksijo, te\u017eavami pri obdelavi informacij ali upo\u010dasnjenim bralnim razvojem. Prav zato sem pripravila nabor skrbno oblikovanih vaj bralnega treninga, ki otrokom pomagajo postopno razvijati teko\u010dnost, razumevanje in natan\u010dnost branja. Vaje temeljijo [&hellip;]<\/p>\n","protected":false},"featured_media":249,"comment_status":"open","ping_status":"closed","template":"","meta":[],"product_brand":[],"product_cat":[22],"product_tag":[],"class_list":{"0":"post-260","1":"product","2":"type-product","3":"status-publish","4":"has-post-thumbnail","6":"product_cat-zbirke-vaj-za-ucenje-in-didakticni-material","8":"first","9":"instock","10":"shipping-taxable","11":"purchasable","12":"product-type-simple"},"_links":{"self":[{"href":"https:\/\/trgovina.specialnadiagnostika.si\/index.php?rest_route=\/wp\/v2\/product\/260","targetHints":{"allow":["GET"]}}],"collection":[{"href":"https:\/\/trgovina.specialnadiagnostika.si\/index.php?rest_route=\/wp\/v2\/product"}],"about":[{"href":"https:\/\/trgovina.specialnadiagnostika.si\/index.php?rest_route=\/wp\/v2\/types\/product"}],"replies":[{"embeddable":true,"href":"https:\/\/trgovina.specialnadiagnostika.si\/index.php?rest_route=%2Fwp%2Fv2%2Fcomments&post=260"}],"wp:featuredmedia":[{"embeddable":true,"href":"https:\/\/trgovina.specialnadiagnostika.si\/index.php?rest_route=\/wp\/v2\/media\/249"}],"wp:attachment":[{"href":"https:\/\/trgovina.specialnadiagnostika.si\/index.php?rest_route=%2Fwp%2Fv2%2Fmedia&parent=260"}],"wp:term":[{"taxonomy":"product_brand","embeddable":true,"href":"https:\/\/trgovina.specialnadiagnostika.si\/index.php?rest_route=%2Fwp%2Fv2%2Fproduct_brand&post=260"},{"taxonomy":"product_cat","embeddable":true,"href":"https:\/\/trgovina.specialnadiagnostika.si\/index.php?rest_route=%2Fwp%2Fv2%2Fproduct_cat&post=260"},{"taxonomy":"product_tag","embeddable":true,"href":"https:\/\/trgovina.specialnadiagnostika.si\/index.php?rest_route=%2Fwp%2Fv2%2Fproduct_tag&post=260"}],"curies":[{"name":"wp","href":"https:\/\/api.w.org\/{rel}","templated":true}]}}