{"id":272,"date":"2025-11-26T21:56:42","date_gmt":"2025-11-26T21:56:42","guid":{"rendered":"https:\/\/trgovina.specialnadiagnostika.si\/?post_type=product&#038;p=272"},"modified":"2025-11-26T21:59:15","modified_gmt":"2025-11-26T21:59:15","slug":"crkovadba","status":"publish","type":"product","link":"https:\/\/trgovina.specialnadiagnostika.si\/?product=crkovadba","title":{"rendered":"\u010crkovadba"},"content":{"rendered":"<p data-start=\"0\" data-end=\"67\"><strong data-start=\"0\" data-end=\"67\">\u010cRKOVADBA \u2013 delovni zvezek za prve korake v svet opismenjevanja<\/strong><\/p>\n<p data-start=\"69\" data-end=\"361\">\u010crkovadba je skrbno zasnovan delovni zvezek, namenjen otrokom, ki stopajo na svojo pot u\u010denja branja in pisanja. Zasnovan je tako, da otroke spodbuja k razvijanju temeljnih predopismenjevalnih spretnosti ter prvih \u010drkarskih ve\u0161\u010din. Vsebuje 85 strani vaj za usvajanje velikih in malih tiskanih \u010drk.<\/p>\n<p data-start=\"665\" data-end=\"846\" data-is-last-node=\"\" data-is-only-node=\"\">\u010crkovadba je primerna tako za delo doma kot v vrtcu ali v prvih razredih osnovne \u0161ole, \u0161e posebej pa je v pomo\u010d otrokom, ki potrebujejo ve\u010d strukturirane podpore pri opismenjevanju.<\/p>\n","protected":false},"excerpt":{"rendered":"<p>\u010cRKOVADBA \u2013 delovni zvezek za prve korake v svet opismenjevanja \u010crkovadba je skrbno zasnovan delovni zvezek, namenjen otrokom, ki stopajo na svojo pot u\u010denja branja in pisanja. Zasnovan je tako, da otroke spodbuja k razvijanju temeljnih predopismenjevalnih spretnosti ter prvih \u010drkarskih ve\u0161\u010din. Vsebuje 85 strani vaj za usvajanje velikih in malih tiskanih \u010drk. \u010crkovadba je [&hellip;]<\/p>\n","protected":false},"featured_media":273,"comment_status":"open","ping_status":"closed","template":"","meta":[],"product_brand":[],"product_cat":[16,22],"product_tag":[],"class_list":{"0":"post-272","1":"product","2":"type-product","3":"status-publish","4":"has-post-thumbnail","6":"product_cat-uncategorized","7":"product_cat-zbirke-vaj-za-ucenje-in-didakticni-material","9":"first","10":"instock","11":"shipping-taxable","12":"purchasable","13":"product-type-simple"},"_links":{"self":[{"href":"https:\/\/trgovina.specialnadiagnostika.si\/index.php?rest_route=\/wp\/v2\/product\/272","targetHints":{"allow":["GET"]}}],"collection":[{"href":"https:\/\/trgovina.specialnadiagnostika.si\/index.php?rest_route=\/wp\/v2\/product"}],"about":[{"href":"https:\/\/trgovina.specialnadiagnostika.si\/index.php?rest_route=\/wp\/v2\/types\/product"}],"replies":[{"embeddable":true,"href":"https:\/\/trgovina.specialnadiagnostika.si\/index.php?rest_route=%2Fwp%2Fv2%2Fcomments&post=272"}],"wp:featuredmedia":[{"embeddable":true,"href":"https:\/\/trgovina.specialnadiagnostika.si\/index.php?rest_route=\/wp\/v2\/media\/273"}],"wp:attachment":[{"href":"https:\/\/trgovina.specialnadiagnostika.si\/index.php?rest_route=%2Fwp%2Fv2%2Fmedia&parent=272"}],"wp:term":[{"taxonomy":"product_brand","embeddable":true,"href":"https:\/\/trgovina.specialnadiagnostika.si\/index.php?rest_route=%2Fwp%2Fv2%2Fproduct_brand&post=272"},{"taxonomy":"product_cat","embeddable":true,"href":"https:\/\/trgovina.specialnadiagnostika.si\/index.php?rest_route=%2Fwp%2Fv2%2Fproduct_cat&post=272"},{"taxonomy":"product_tag","embeddable":true,"href":"https:\/\/trgovina.specialnadiagnostika.si\/index.php?rest_route=%2Fwp%2Fv2%2Fproduct_tag&post=272"}],"curies":[{"name":"wp","href":"https:\/\/api.w.org\/{rel}","templated":true}]}}